{"id":21,"date":"2015-04-18T21:51:37","date_gmt":"2015-04-18T21:51:37","guid":{"rendered":"http:\/\/www.schwulejugend.de\/sjk\/?page_id=21"},"modified":"2017-04-30T18:14:07","modified_gmt":"2017-04-30T18:14:07","slug":"satzung-2","status":"publish","type":"page","link":"https:\/\/www.schwulejugend.de\/sjk\/?page_id=21","title":{"rendered":"Satzung"},"content":{"rendered":"<p><strong>Satzung der Schwulen Jugendgruppe Koblenz e.V.\u00a0<\/strong><\/p>\n<p>Beschlussfassung der Mitgliederversammlung vom 29. Januar 1999, ge\u00e4ndert durch die Mitgliederversammlungen am 11. M\u00e4rz 1999, 22. M\u00e4rz 2002 und 3. M\u00e4rz 2006.<\/p>\n<p>&nbsp;<\/p>\n<address><strong>\u00a7 1 \u2013 Name und Sitz<\/strong><\/address>\n<address>\u00a0<\/address>\n<address><em>1. Der Verein tr\u00e4gt den Namen \u201dSchwule Jugendgruppe Koblenz\u201d, kurz \u201dSJK\u201d.<br \/>\n<\/em><\/address>\n<address><em>2. Er hat seinen Sitz in Koblenz\/Rhein.<br \/>\n<\/em><\/address>\n<address><em>3. Der Verein ist in das Vereinsregister einzutragen. Nach erfolgter Eintragung wird der Name des Vereins um das K\u00fcrzel \u201de.V.\u201d erg\u00e4nzt.<br \/>\n<\/em><\/address>\n<address><em>4. Gesch\u00e4ftsjahr ist das Kalenderjahr.\u00a0<\/em><\/address>\n<address>\u00a0<\/address>\n<address><em><strong>\u00a7 2 \u2013 Zweck und Aufgabe\u00a0<\/strong><\/em><\/address>\n<address>\u00a0<\/address>\n<address><em>1. Der Verein verfolgt ausschlie\u00dflich und unmittelbar gemeinn\u00fctzige Ziele im Sinne des Abschnitts \u201dsteuerbeg\u00fcnstigte Zwecke\u201d der Abgabenordnung. Diese sind im einzelnen:\u00a0<\/em><\/address>\n<address><em>a) die selbstlose Unterst\u00fctzung von Personen, die infolge ihres k\u00f6rperlichen oder seelischen Zustands auf Hilfe anderer angewiesen sind,\u00a0<\/em><\/address>\n<address><em>b) die F\u00f6rderung der Volksbildung und der Kultur,\u00a0<\/em><\/address>\n<address><em>c) die F\u00f6rderung der Wissenschaft und Forschung,\u00a0<\/em><\/address>\n<address><em>d) die F\u00f6rderung internationaler Zusammenarbeit und des V\u00f6lkerverst\u00e4ndigungsgedankens.\u00a0<\/em><\/address>\n<address>\u00a0<\/address>\n<address><em>Die Verwirklichung dieser Ziele geschieht durch\u00a0<\/em><\/address>\n<address><em>a) Hilfestellung bei individuellen und sozialen Konflikten insbesonderer bi- und homosexueller Jugendlicher und junger Erwachsener,\u00a0<\/em><\/address>\n<address><em>b) Informations- und \u00d6ffentlichkeitsarbeit, die in geeigneter Weise der Bev\u00f6lkerung die Probleme bi- und homosexueller Jugendlicher und junger Erwachsener deutlich machen sollen,\u00a0<\/em><\/address>\n<address><em>c) die Sammlung, Archivierung und Ver\u00f6ffentlichung vorhandener Informationen \u00fcber das Thema Bi-\/ Homosexualit\u00e4t,\u00a0<\/em><\/address>\n<address><em>d) Zusammenarbeit mit ausl\u00e4ndischen Vereinigungen und Verb\u00e4nden vergleichbarer Zielsetzung und Mitarbeit in internationalen Organisationen,\u00a0<\/em><\/address>\n<address><em>e) Anbieten von Coming-Out-Hilfe,\u00a0<\/em><\/address>\n<address><em>f) Aufkl\u00e4rung \u00fcber die Gefahren durch das HI-Virus \/ AIDS sowie weiterer sexuell \u00fcbertragbarer Krankheiten sowie notwendiger Schutzma\u00dfnahmen.<br \/>\n<\/em><\/address>\n<address><em>2. Der Verein m\u00f6chte insbesondere Jugendliche und junge Erwachsene dazu bef\u00e4higen, alters- , sozialisations- und entwicklungsbedingte individuelle und kollektive Probleme zu bew\u00e4ltigen. Dazu bet\u00e4tigt sich der Verein auf den Feldern der Jugendpflege, -arbeit und -hilfe.<br \/>\n<\/em><\/address>\n<address><em>3. Der Verein ist parteipolitisch und weltanschaulich nicht gebunden.\u00a0<\/em><\/address>\n<address>\u00a0<\/address>\n<address><em><strong>\u00a7 3 \u2013 Organe<\/strong><\/em><\/address>\n<address>\u00a0<\/address>\n<address><em>Organe des Vereins sind\u00a0<\/em><\/address>\n<address><em>1. die Mitgliederversammlung (MV),\u00a0<\/em><\/address>\n<address><em>2. die Planungsgruppe (PG)\u00a0<\/em><\/address>\n<address>\u00a0<\/address>\n<address><em><strong>\u00a7 4 \u2013 Mitgliedschaft\u00a0<\/strong><\/em><\/address>\n<address>\u00a0<\/address>\n<address><em>1. Alle Jugendlichen bis zur Vollendung des 27. Lebensjahres k\u00f6nnen Vollmitglied werden. \u00c4ltere Personen k\u00f6nnen F\u00f6rdermitglied werden.<br \/>\n<\/em><\/address>\n<address><em>2. Die Aufnahme ist schriftlich bei der PG zu beantragen. Gegen ihre Entscheidung ist Einspruch m\u00f6glich, \u00fcber den die MV endg\u00fcltig entscheidet.<br \/>\n<\/em><\/address>\n<address><em>3. \u00dcber die Verleihung einer Ehrenmitgliedschaft entscheidet die MV auf Vorschlag der Planungsgruppe. Die Ehrenmitgliedschaft beginnt mit der Annahme durch die\/ den Geehrte\/n.<br \/>\n<\/em><\/address>\n<address><em>4. Die Vollmitgliedschaft endet durch\u00a0<\/em><\/address>\n<address><em>a) Vollendung des 27. Lebensjahres,\u00a0<\/em><\/address>\n<address><em>b) Nichtzahlung des f\u00e4lligen Mitgliedsbeitrages (siehe \u00a78 Nr. 10),\u00a0<\/em><\/address>\n<address><em>c) Austritt,\u00a0<\/em><\/address>\n<address><em>d) Ausschluss,\u00a0<\/em><\/address>\n<address><em>e) Tod.<\/em><\/address>\n<address><em>F\u00fcr F\u00f6rdermitglieder gelten b) bis e), f\u00fcr Ehrenmitglieder c) bis e) entsprechend.<\/em><\/address>\n<address><em>5. Der Austritt kann schriftlich oder pers\u00f6nlich bei der PG erkl\u00e4rt werden; er gilt als erfolgt mit Ablauf des Tages, an welchem die Erkl\u00e4rung zugegangen ist.<br \/>\n<\/em><\/address>\n<address><em>6. Ein Mitglied des Vereins kann ausgeschlossen werden, wenn es wiederholt oder erheblich gegen Satzung und Ziele des Vereins verst\u00f6sst. Ein Ausschluss erfolgt auf Vorschlag der PG durch die MV mit einer Mehrheit von mindestens 2\/3.\u00a0<\/em><\/address>\n<address>\u00a0<\/address>\n<address><em><strong>\u00a7 5 \u2013 Die Mitgliederversammlung<\/strong><\/em><\/address>\n<address>\u00a0<\/address>\n<address><em>1. Die MV ist das h\u00f6chste Organ des Vereins.<br \/>\n<\/em><\/address>\n<address><em>2. Die MVen finden mindestens j\u00e4hrlich statt und sind \u00f6ffentlich. Die \u00d6ffentlichkeit kann auf Beschluss der MV mit einfacher Mehrheit ausgeschlossen werden.<br \/>\n<\/em><\/address>\n<address><em>3. In der MV genie\u00dfen Voll-, F\u00f6rder- und Ehrenmitglieder gleicherma\u00dfen Anwesenheits-, Rede-, Antrags- und passives Wahlrecht.<br \/>\n<\/em><\/address>\n<address><em>4. In der MV hat jede Person eine Stimme, die Vollmitglied oder Mitglied der Planungsgruppe ist, sowie Ehrenmitglieder bis zur Vollendung des 27. Lebensjahres.<br \/>\n<\/em><\/address>\n<address><em>5. Der MV obliegen folgende Aufgaben:\u00a0<\/em><\/address>\n<address><em>a) \u00c4nderung der Satzung,\u00a0<\/em><\/address>\n<address><em>b) Beschlussfassung \u00fcber den Einspruch gegen den Nichtaufnahmebeschluss der Planungsgruppe,\u00a0<\/em><\/address>\n<address><em>c) Arbeitsprogramme im Rahmen der Vereinszwecke,\u00a0<\/em><\/address>\n<address><em>d) Aufl\u00f6sung des Vereins,\u00a0<\/em><\/address>\n<address><em>e) Ausschluss von Mitgliedern,\u00a0<\/em><\/address>\n<address><em>f) weitere Beschlussfassungen, soweit diese Satzung dies regelt\u00a0<\/em><\/address>\n<address><em>g) Beschlussfassung \u00fcber andere Antr\u00e4ge.<br \/>\n<\/em><\/address>\n<address><em>6. Beschl\u00fcsse der MV werden mit einfacher Mehrheit gefasst. Satzungs\u00e4nderungen k\u00f6nnen nur beschlossen werden, falls\u00a0<\/em><\/address>\n<address><em>a) die MV beschlussf\u00e4hig ist,\u00a0<\/em><\/address>\n<address><em>b) mindestens eine 3\/4-Mehrheit der erschienenen Stimmberechtigten der Satzungs\u00e4nderung zustimmt.\u00a0<\/em><\/address>\n<address><em>7. Die MV gilt als beschlussunf\u00e4hig, wenn weniger als die H\u00e4lfte der stimmberechtigten Mitglieder als anwesend festgestellt werden.<br \/>\n<\/em><\/address>\n<address><em>8. Bei Beschlussunf\u00e4higkeit ist die Planungsgruppe verpflichtet, innerhalb von vier Wochen eine zweite MV mit der bereits vorliegenden Tagesordnung einzuberufen. Diese ist dann ohne R\u00fccksicht auf die Zahl der erschienenen stimmberechtigten Mitglieder beschlussf\u00e4hig. Hierauf ist in der Einladung hinzuweisen.<br \/>\n<\/em><\/address>\n<address><em>9. Einmal im Jahr l\u00e4dt die Planungsgruppe zur Jahres-MV ein. F\u00fcr diese Versammlung sind folgende Tagesordnungspunkte obligatorisch:\u00a0<\/em><\/address>\n<address><em>a) Erl\u00e4uterung des schriftlichen Gesch\u00e4ftsberichts,\u00a0<\/em><\/address>\n<address><em>b) Entlastung der Planungsgruppe,\u00a0<\/em><\/address>\n<address><em>c) Wahl der PG inklusive des Kassierers,\u00a0<\/em><\/address>\n<address><em>d) Wahl zweier Kassenpr\u00fcfer.<br \/>\n<\/em><\/address>\n<address><em>10. Wird kein schriftlicher Gesch\u00e4ftsbericht seitens der PG vorgelegt, ist eine Entlastung der PG nicht m\u00f6glich.<br \/>\n<\/em><\/address>\n<address><em>11. Auf schriftlichen Antrag von 1\/5 der stimmberechtigten Mitglieder des Vereins oder von 3 Planungsgruppenmitgliedern muss die Planungsgruppe innerhalb von vier Wochen eine MV einberufen.<br \/>\n<\/em><\/address>\n<address><em>12. Zur MV ist mindestens 14 Tage vor Datum schriftlich (mit vorl\u00e4ufiger Tagesordnung, im Falle einer Jahres-MV zus\u00e4tzlich mit schriftlichem Gesch\u00e4ftsbericht ) einzuladen. Es gilt der Tag des Poststempels.\u00a0<\/em><\/address>\n<address>\u00a0<\/address>\n<address><em><strong>\u00a7 6 \u2013 Die Planungsgruppe<\/strong><\/em><\/address>\n<address>\u00a0<\/address>\n<address><em>1. Die PG unterteilt sich in den<br \/>\n\u2013 Gesch\u00e4ftsf\u00fchrenden Vorstand der SJK (GV) und den<br \/>\n\u2013 Erweiterten Vorstand der SJK (EV).<br \/>\n<\/em><\/address>\n<address><em>2. Der GV vertritt den Verein gerichtlich und au\u00dfergerichtlich. Seine Mitglieder werden in das Vereinsregister eingetragen. Er besteht aus mindestens zwei, h\u00f6chstens jedoch drei Personen. Ein Mitglied des GV nimmt die Funktion des Kassierers der SJK wahr.<br \/>\nDie wirksame Au\u00dfenvertretung des Vereins erfolgt durch mindestens zwei Mitglieder des GV.<br \/>\n<\/em><\/address>\n<address><em>3. Der EV setzt sich aus mindestens zwei, h\u00f6chstens jedoch f\u00fcnf weiteren Mitgliedern zusammen. Die genaue Anzahl bestimmt die jeweilige Jahres-MV.<br \/>\n<\/em><\/address>\n<address><em>4. Die Mitglieder der PG werden von der MV f\u00fcr ein Jahr gew\u00e4hlt. Die Wahl ist geheim und findet in drei Wahlg\u00e4ngen statt:<br \/>\nI. Wahl des Kassierers (zugleich Mitglied im GV)<br \/>\nII.\u00a0 Wahl des weiteren Mitgliedes \/ der weiteren Mitglieder des GV<br \/>\nIII. Wahl der Mitglieder des EV.<br \/>\nWahlberechtigt sind abweichend von \u00a75 Ziffer 4 die Vollmitglieder des Vereins (\u00a74 Ziffer 1) sowie Ehrenmitglieder bis zur Vollendung des 27. Lebensjahres.<br \/>\nIm Wahlgang I hat jedes stimmberechtigte Mitglied eine Stimme, im Wahlgang II h\u00f6chstens zwei, im Wahlgang III h\u00f6chstens f\u00fcnf. Jedem Kandidaten kann jedes stimmberechtigte Mitglied h\u00f6chstens eine Stimme geben. Zur Kandidatur sind Vollmitglieder, F\u00f6rdermitglieder und Ehrenmitglieder des Vereins zugelassen.<br \/>\n<\/em><\/address>\n<address><em>5. Ein Mitglied der PG ist gew\u00e4hlt, wenn ihm die einfache Mehrheit der wahlberechtigten, erschienenen Personen (abz\u00fcglich der sich der Stimme enthaltenden Personen) in der MV eine Stimme gegeben haben.<br \/>\nErreichen mehr Wahlkandidaten als in Ziffer 2 und 3 genannt die erforderliche Stimmenmehrheit, so entscheidet die Anzahl der abgegebenen Stimmen je Kandidat. Erreichen hierbei zwei oder mehr Kandidaten die gleiche Stimmenanzahl, so findet eine Stichwahl statt.<br \/>\n<\/em><\/address>\n<address><em>6. Scheidet ein Mitglied (aus) der PG aus, so ist zu pr\u00fcfen, ob eine Nachwahl zum GV oder zum EV durch die MV erforderlich ist. Diese Nachwahl ist zwingend erforderlich, wenn die unter Ziffer 2 und 3 bestimmten Mindestpersonenanzahlen f\u00fcr den GV \/ EV unterschritten werden.<br \/>\n<\/em><\/address>\n<address><em>7. Jedes Mitglied der PG kann durch eine MV mit der gem\u00e4\u00df Ziffer 5 erforderlichen Mehrheit der Stimmen durch die geheime Wahl eines Nachfolgers abgel\u00f6st werden, sofern alle Mitglieder mindestens 14 Tage vor Datum der MV eine schriftliche Einladung erhalten haben, in der dieser Tagesordnungspunkt bekannt gegeben wurde.<br \/>\n<\/em><\/address>\n<address><em>8. Die Amtszeit nachgew\u00e4hlter Mitglieder der PG endet jeweils mit der Amtszeit der gesamten PG.<br \/>\n<\/em><\/address>\n<address><em>9. Die PG fasst ihre Beschl\u00fcsse mit einfacher Mehrheit. Die Mitglieder der PG sind \u2013 unabh\u00e4ngig zu ihrer Zugeh\u00f6rigkeit zum GV \/ EV \u2013 zu ihren Beschl\u00fcssen gleichberechtigt.<br \/>\n<\/em><\/address>\n<address><em>10. Die PG ist beschlussf\u00e4hig, wenn mehr als die H\u00e4lfte ihrer Mitglieder erschienen sind. Die Beschlussf\u00e4higkeit ist auf Antrag festzustellen.<br \/>\n<\/em><\/address>\n<address><em>11. Der GV kann weitere Mitglieder des Vereins dazu berechtigen, diesen nach au\u00dfen in definierten Aufgaben zu vertreten. Hierbei ist die Schriftform einzuhalten.<br \/>\n<\/em><\/address>\n<address><em>12. Zu den Aufgaben der gesamten PG geh\u00f6ren insbesondere\u00a0<\/em><\/address>\n<address><em>a) die organisatorische und inhaltliche Vorbereitung und die Einberufung von MVen,\u00a0<\/em><\/address>\n<address><em>b) die Finanzverwaltung, Erstellung der Buchf\u00fchrung und des Kassenberichtes,\u00a0<\/em><\/address>\n<address><em>c) die Organisation und Verwaltung des Vereins,\u00a0<\/em><\/address>\n<address><em>d) die Ausf\u00fchrung von Beschl\u00fcssen der MV.\u00a0<\/em><\/address>\n<address><em>e) die Protokollierung von Beschl\u00fcssen der MV und der PG\u00a0<\/em><\/address>\n<address><em>f) die Erstellung eines schriftlichen Gesch\u00e4ftsberichtes \u00fcber das Gesch\u00e4ftsjahr, welcher auf der Jahres-MV vorzulegen ist. Er enth\u00e4lt Angaben \u00fcber die erfolgten T\u00e4tigkeiten, insbesondere \u00fcber die Ausf\u00fchrung der auf den MVen beschlossenen Projekten sowie bei Nichtausf\u00fchrung eine genaue Begr\u00fcndung dieser.\u00a0<\/em><\/address>\n<address>\u00a0<\/address>\n<address><em><strong>\u00a77 \u2013 Die Kassenpr\u00fcfer\u00a0<\/strong><\/em><\/address>\n<address>\u00a0<\/address>\n<address><em>1. Die Kassenpr\u00fcfer kontrollieren die Buchf\u00fchrung des Kassierers und fertigen dar\u00fcber einen Kassenpr\u00fcfungsbericht an, den sie auf der Jahres-MV vorlegen.<br \/>\n<\/em><\/address>\n<address><em>2. Sie werden auf der Jahres-MV mit einfacher Stimmenmehrheit f\u00fcr jeweils ein Jahr gew\u00e4hlt. Eine Wiederwahl ist nur zweimal m\u00f6glich.<br \/>\n<\/em><\/address>\n<address><em>3. Ein Kassenpr\u00fcfer darf nicht gleichzeitig Mitglied der PG sein.\u00a0<\/em><\/address>\n<address>\u00a0<\/address>\n<address><em><strong>\u00a7 8 \u2013 Finanzierung<\/strong><\/em><\/address>\n<address>\u00a0<\/address>\n<address><em>1. Der Verein ist selbstlos t\u00e4tig. Er verfolgt keine eigenwirtschaftlichen Zwecke.<br \/>\n<\/em><\/address>\n<address><em>2. Die Mittel des Vereins d\u00fcrfen nur f\u00fcr satzungsgem\u00e4\u00dfe Ziele verwendet werden. Die Mitglieder erhalten \u2013 abgesehen von etwaigen Aufwandsentsch\u00e4digungen f\u00fcr die Erf\u00fcllung ihrer satzungsgem\u00e4\u00dfen Aufgaben \u2013 keine Zuwendungen aus Mitteln des Vereins.<br \/>\n<\/em><\/address>\n<address><em>3. Es darf niemand durch Ausgaben des Vereins Verg\u00fctungen erhalten, die seinem Zweck fremd oder unverh\u00e4ltnism\u00e4\u00dfig sind.<br \/>\n<\/em><\/address>\n<address><em>4. Alle Inhaber von Vereins\u00e4mtern sind ehrenamtlich t\u00e4tig.<br \/>\n<\/em><\/address>\n<address><em>5. Der Verein ist in der Verwendung seiner Mittel selbst\u00e4ndig. Ausgaben, die \u00fcber den t\u00e4glichen Rahmen der T\u00e4tigkeit des Vereins hinausgehen, d\u00fcrfen nur mit Zustimmung der PG get\u00e4tigt werden.<br \/>\n<\/em><\/address>\n<address><em>6. Alle Ausgaben und Einnahmen sind zu belegen und werden dem Kassierer vorgelegt.<br \/>\n<\/em><\/address>\n<address><em>7. Die Einnahmen setzen sich wie folgt zusammen :\u00a0<\/em><\/address>\n<address><em>a) Mitgliedsbeitr\u00e4ge,\u00a0<\/em><\/address>\n<address><em>b) Teilnehmerbeitr\u00e4ge\u00a0<\/em><\/address>\n<address><em>c) Spenden,\u00a0<\/em><\/address>\n<address><em>d) Zusch\u00fcsse und Erl\u00f6se aus Veranstaltungen.<br \/>\n<\/em><\/address>\n<address><em>8. Die H\u00f6he des Mitgliedbeitrags ist \u20ac 20,00 pro Gesch\u00e4ftsjahr, erm\u00e4\u00dfigt \u20ac 15,00 pro Gesch\u00e4ftsjahr.<br \/>\n<\/em><\/address>\n<address><em>9. Beitragserm\u00e4\u00dfigung erhalten Sch\u00fcler, Studenten, Arbeitslose, Auszubildende, Wehr- und Zivildienstleistende. Die Ehrenmitgliedschaft ist beitragsfrei.<br \/>\n<\/em><\/address>\n<address><em>10. Der Mitgliedsbeitrag ist sp\u00e4testens 2 Monate nach Aufnahme in den Verein f\u00e4llig, bei laufender Mitgliedschaft 2 Monate nach Beginn des Gesch\u00e4ftsjahres.\u00a0<\/em><\/address>\n<address>\u00a0<\/address>\n<address><em><strong>\u00a7 9 \u2013 Aufl\u00f6sung<\/strong><\/em><\/address>\n<address>\u00a0<\/address>\n<address><em>1. Bei der Aufl\u00f6sung des Vereins oder Wegfall seines bisherigen Zwecks f\u00e4llt sein Verm\u00f6gen an die Psychosoziale AIDS-Beratungsstelle der Caritas Koblenz, die es ausschlie\u00dflich und unmittelbar f\u00fcr steuerbeg\u00fcnstigte Zwecke zu verwenden hat. Beschl\u00fcsse \u00fcber die k\u00fcnftige Verwendung des Verm\u00f6gens d\u00fcrfen erst nach Einwilligung des Finanzamtes ausgef\u00fchrt werden.<br \/>\n<\/em><\/address>\n<address><em>2. Die Aufl\u00f6sung des Vereins kann nur mit einer Mehrheit von mind. 3\/4 aller stimmberechtigten Mitglieder beschlossen werden.\u00a0<\/em><\/address>\n<address>\u00a0<\/address>\n<address><em><strong>\u00a7 10 \u2013 Schlussbestimmung<\/strong><\/em><\/address>\n<address>\u00a0<\/address>\n<address><em>Diese Satzung tritt mit dem Zeitpunkt ihrer Annahme durch die MV am 29.01.1999 in Kraft.<\/em><\/address>\n<address>\u00a0<\/address>\n<address><a href=\"http:\/\/www.schwulejugend.de\/sjk\/wp-content\/uploads\/2015\/04\/Satzung.pdf\">Satzung als PDF-Datei<\/a><\/address>\n","protected":false},"excerpt":{"rendered":"<p>Satzung der Schwulen Jugendgruppe Koblenz e.V.\u00a0 Beschlussfassung der Mitgliederversammlung vom 29. Januar 1999, ge\u00e4ndert durch die Mitgliederversammlungen am 11. M\u00e4rz 1999, 22. M\u00e4rz 2002 und 3. M\u00e4rz 2006. &nbsp; \u00a7 1 \u2013 Name und Sitz \u00a0 1. Der Verein tr\u00e4gt<\/p>\n","protected":false},"author":1,"featured_media":0,"parent":0,"menu_order":30,"comment_status":"open","ping_status":"open","template":"","meta":{"footnotes":""},"_links":{"self":[{"href":"https:\/\/www.schwulejugend.de\/sjk\/index.php?rest_route=\/wp\/v2\/pages\/21"}],"collection":[{"href":"https:\/\/www.schwulejugend.de\/sjk\/index.php?rest_route=\/wp\/v2\/pages"}],"about":[{"href":"https:\/\/www.schwulejugend.de\/sjk\/index.php?rest_route=\/wp\/v2\/types\/page"}],"author":[{"embeddable":true,"href":"https:\/\/www.schwulejugend.de\/sjk\/index.php?rest_route=\/wp\/v2\/users\/1"}],"replies":[{"embeddable":true,"href":"https:\/\/www.schwulejugend.de\/sjk\/index.php?rest_route=%2Fwp%2Fv2%2Fcomments&post=21"}],"version-history":[{"count":6,"href":"https:\/\/www.schwulejugend.de\/sjk\/index.php?rest_route=\/wp\/v2\/pages\/21\/revisions"}],"predecessor-version":[{"id":1007,"href":"https:\/\/www.schwulejugend.de\/sjk\/index.php?rest_route=\/wp\/v2\/pages\/21\/revisions\/1007"}],"wp:attachment":[{"href":"https:\/\/www.schwulejugend.de\/sjk\/index.php?rest_route=%2Fwp%2Fv2%2Fmedia&parent=21"}],"curies":[{"name":"wp","href":"https:\/\/api.w.org\/{rel}","templated":true}]}}