{"id":4,"date":"2015-04-18T21:23:39","date_gmt":"2015-04-18T21:23:39","guid":{"rendered":"http:\/\/www.schwulejugend.de\/sjk\/?page_id=4"},"modified":"2018-05-12T16:54:27","modified_gmt":"2018-05-12T16:54:27","slug":"kontakt","status":"publish","type":"page","link":"https:\/\/www.schwulejugend.de\/sjk\/?page_id=4","title":{"rendered":"Kontakt"},"content":{"rendered":"<p>Wir stehen dir immer und rund um die Uhr per<strong>\u00a0E-Mail<\/strong>\u00a0zur Verf\u00fcgung.<\/p>\n<p>F\u00fcr ein <strong>pers\u00f6nliches Gespr\u00e4ch<\/strong>\u00a0stehen wir dir jeden Freitag ab 19:30h im Jugendtreff in der Rizzastra\u00dfe 14 in Koblenz zur Verf\u00fcgung.<\/p>\n<p>Unsere E-Mail-Adresse lautet:<\/p>\n<p><img loading=\"lazy\" decoding=\"async\" class=\"alignnone size-full wp-image-1264\" src=\"http:\/\/www.schwulejugend.de\/sjk\/wp-content\/uploads\/2015\/04\/Email.png\" alt=\"\" width=\"256\" height=\"51\" \/><\/p>\n<p>Schreib uns einfach!<\/p>\n","protected":false},"excerpt":{"rendered":"<p>Wir stehen dir immer und rund um die Uhr per\u00a0E-Mail\u00a0zur Verf\u00fcgung. F\u00fcr ein pers\u00f6nliches Gespr\u00e4ch\u00a0stehen wir dir jeden Freitag ab 19:30h im Jugendtreff in der Rizzastra\u00dfe 14 in Koblenz zur Verf\u00fcgung. Unsere E-Mail-Adresse lautet: Schreib uns einfach!<\/p>\n","protected":false},"author":1,"featured_media":0,"parent":0,"menu_order":10,"comment_status":"open","ping_status":"open","template":"","meta":{"footnotes":""},"_links":{"self":[{"href":"https:\/\/www.schwulejugend.de\/sjk\/index.php?rest_route=\/wp\/v2\/pages\/4"}],"collection":[{"href":"https:\/\/www.schwulejugend.de\/sjk\/index.php?rest_route=\/wp\/v2\/pages"}],"about":[{"href":"https:\/\/www.schwulejugend.de\/sjk\/index.php?rest_route=\/wp\/v2\/types\/page"}],"author":[{"embeddable":true,"href":"https:\/\/www.schwulejugend.de\/sjk\/index.php?rest_route=\/wp\/v2\/users\/1"}],"replies":[{"embeddable":true,"href":"https:\/\/www.schwulejugend.de\/sjk\/index.php?rest_route=%2Fwp%2Fv2%2Fcomments&post=4"}],"version-history":[{"count":11,"href":"https:\/\/www.schwulejugend.de\/sjk\/index.php?rest_route=\/wp\/v2\/pages\/4\/revisions"}],"predecessor-version":[{"id":1265,"href":"https:\/\/www.schwulejugend.de\/sjk\/index.php?rest_route=\/wp\/v2\/pages\/4\/revisions\/1265"}],"wp:attachment":[{"href":"https:\/\/www.schwulejugend.de\/sjk\/index.php?rest_route=%2Fwp%2Fv2%2Fmedia&parent=4"}],"curies":[{"name":"wp","href":"https:\/\/api.w.org\/{rel}","templated":true}]}}