{"id":444,"date":"2016-04-14T21:33:26","date_gmt":"2016-04-14T21:33:26","guid":{"rendered":"http:\/\/www.schwulejugend.de\/sjk\/?page_id=444"},"modified":"2023-01-03T18:18:26","modified_gmt":"2023-01-03T18:18:26","slug":"beratung","status":"publish","type":"page","link":"https:\/\/www.schwulejugend.de\/sjk\/?page_id=444","title":{"rendered":"Beratung + Coming out"},"content":{"rendered":"<p><a href=\"http:\/\/www.schwulejugend.de\/sjk\/wp-content\/uploads\/2016\/04\/slide_beratung.jpg\" rel=\"attachment wp-att-473\"><img loading=\"lazy\" decoding=\"async\" class=\"alignnone size-medium wp-image-473\" src=\"http:\/\/www.schwulejugend.de\/sjk\/wp-content\/uploads\/2016\/04\/slide_beratung-300x126.jpg\" alt=\"slide_beratung\" width=\"300\" height=\"126\" srcset=\"https:\/\/www.schwulejugend.de\/sjk\/wp-content\/uploads\/2016\/04\/slide_beratung-300x126.jpg 300w, https:\/\/www.schwulejugend.de\/sjk\/wp-content\/uploads\/2016\/04\/slide_beratung-768x323.jpg 768w, https:\/\/www.schwulejugend.de\/sjk\/wp-content\/uploads\/2016\/04\/slide_beratung.jpg 1000w\" sizes=\"(max-width: 300px) 100vw, 300px\" \/><\/a><\/p>\n<p><strong>Unser Angebot an Dich<\/strong><\/p>\n<p><strong>Unser Angebot an\u00a0Sie<\/strong><\/p>\n<p>Die SJK kommt urspr\u00fcnglich aus der Selbsthilfe. Und diesem Anspruch sind wir auch weiterhin gerecht. Unsere Informations- und Gespr\u00e4chsangebote sind grunds\u00e4tzlich f\u00fcr jeden offen.<\/p>\n<p>Wir sind da und beraten\u00a0\u2013 egal<br \/>\n\u2013 ob Du\u00a0Deine Homosexualit\u00e4t entdeckst<br \/>\n\u2013 oder Sie\u00a0Angeh\u00f6riger sind.<\/p>\n<p>Und dies vor, w\u00e4hrend und nach dem\u00a0Coming-out.<\/p>\n<p>Wir engagieren\u00a0uns in der schwul\/lesbischen Aufkl\u00e4rung.<\/p>\n<p><strong>Und nun?<\/strong><\/p>\n<p>Du hast bemerkt, dass bei Dir, im Gegensatz zu Deinen Freunden, die Dinge etwas anders\u00a0laufen und du nicht einfach als hetero bezeichnet werden kannst?<br \/>\nDu hast bis jetzt noch keinen passenden\u00a0Gespr\u00e4chspartner f\u00fcr diese Themen gefunden?<br \/>\nDu konntest dich bis jetzt noch Niemandem im Familien- und Freundeskreis anvertrauen \/ \u00f6ffnen\u00a0und suchst nach einem vertrauensvollen Gespr\u00e4chspartner in Deinem Alter, der die gleichen\u00a0Erfahrungen bereits hinter sich hat?<br \/>\nDann bist du bei uns genau richtig!<\/p>\n<p><strong>Trau Dich.<\/strong><\/p>\n<p>Wir nehmen uns in der SJK Zeit f\u00fcr deine Fragen und Bedenken, ganz egal wie pers\u00f6nlich<br \/>\nsie auch sein m\u00f6gen.\u00a0Das ganze findet bei uns im Rahmen der normalen Freitagstreffs statt.<\/p>\n<hr \/>\n<p><strong>F\u00fcr Jungs:<\/strong><\/p>\n<p><a href=\"http:\/\/www.schwulejugend.de\/sjk\/wp-content\/uploads\/2015\/04\/20150726-Flyer-schwule-jugend.de_Druck_S11.png\" rel=\"attachment wp-att-353\"><img loading=\"lazy\" decoding=\"async\" class=\"alignnone size-medium wp-image-353\" src=\"http:\/\/www.schwulejugend.de\/sjk\/wp-content\/uploads\/2015\/04\/20150726-Flyer-schwule-jugend.de_Druck_S11-300x214.png\" alt=\"20150726 Flyer schwule-jugend.de_Druck_S1[1]\" width=\"300\" height=\"214\" srcset=\"https:\/\/www.schwulejugend.de\/sjk\/wp-content\/uploads\/2015\/04\/20150726-Flyer-schwule-jugend.de_Druck_S11-300x214.png 300w, https:\/\/www.schwulejugend.de\/sjk\/wp-content\/uploads\/2015\/04\/20150726-Flyer-schwule-jugend.de_Druck_S11-768x548.png 768w, https:\/\/www.schwulejugend.de\/sjk\/wp-content\/uploads\/2015\/04\/20150726-Flyer-schwule-jugend.de_Druck_S11.png 885w\" sizes=\"(max-width: 300px) 100vw, 300px\" \/><\/a><\/p>\n<p>Schwul zu sein ist nichts Au\u00dfergew\u00f6hnliches. Wenn man diesen Teil seines selbst zu entdecken beginnt, f\u00fchlt man sich allerdings nicht selten au\u00dfenstehend und alleine.<\/p>\n<p>Wir helfen bei der Suche nach Hilfe und Erfahrungen Anderer mit ihrer Homosexualit\u00e4t und dem Coming-out. Wir bieten dies online oder nat\u00fcrlich auch jeden Freitag-Abend bei den Treffs. Es geht darum, schwule Themen offen anzusprechen \u2013 Fragen werden gern beantwortet. Aber es geht auch um eine entspannte Zeit unter Gleichgesinnten, bei der man nicht st\u00e4ndig pers\u00f6nliche Ber\u00fchrungs\u00e4ngste eventuell eingeweihter Hetereosexueller im Hinterkopf haben muss. Es geht darum sich nicht alleine mit seinen Problemen zu f\u00fchlen. Es geht darum, einen sicheren Weg in eine aufregende neue Welt zu finden.<\/p>\n<p>Schreib uns an oder komm einfach vorbei \u2013 wir helfen dir gerne.<\/p>\n<hr \/>\n<p><strong>F\u00fcr M\u00e4dels:<\/strong><\/p>\n<p><img loading=\"lazy\" decoding=\"async\" class=\"alignnone size-medium wp-image-355\" src=\"http:\/\/www.schwulejugend.de\/sjk\/wp-content\/uploads\/2015\/04\/20150726-Flyer-lesbischejugend.de_Druck_S11-300x214.png\" alt=\"20150726 Flyer lesbischejugend.de_Druck_S1[1]\" width=\"300\" height=\"214\" srcset=\"https:\/\/www.schwulejugend.de\/sjk\/wp-content\/uploads\/2015\/04\/20150726-Flyer-lesbischejugend.de_Druck_S11-300x214.png 300w, https:\/\/www.schwulejugend.de\/sjk\/wp-content\/uploads\/2015\/04\/20150726-Flyer-lesbischejugend.de_Druck_S11-768x548.png 768w, https:\/\/www.schwulejugend.de\/sjk\/wp-content\/uploads\/2015\/04\/20150726-Flyer-lesbischejugend.de_Druck_S11.png 885w\" sizes=\"(max-width: 300px) 100vw, 300px\" \/><\/p>\n<p>die SJK ist nicht nur f\u00fcr die Jungs da! Auch M\u00e4dels und Frauen sind in der SJK herzlich willkommen. Traut euch und schaut bei unserem Freitagstreff mal rein! Wir freuen uns auf Euch.<br \/>\nAber was erwartet euch dort?<\/p>\n<p>&#8222;Sexualit\u00e4t ist so vielf\u00e4ltig wie das Leben selbst. Es ist das pers\u00f6nliche Experimentieren, das Ausprobieren, das dazu dient, den eigenen Weg zu finden. Nur so stellt sich heraus, was f\u00fcr den eigenen K\u00f6rper und den eigenen Geist das Richtige ist.<br \/>\nManchmal ist es nicht so einfach, den \u00dcberblick zu behalten. B\u00fccher k\u00f6nnen Rat geben, man\/frau kann jemanden nach dem Weg fragen [, oder] sich einfach treiben [lassen]. Obwohl \u00fcber Sex zwischen Mann und Frau gerne und viel gesprochen wird, f\u00e4llt es trotzdem vielen schwer, offen und ungezwungen auch \u00fcber andere Formen der Sexualit\u00e4t zu sprechen. Einerseits liegt das an dem vermeintlich Verbotenem, andererseits aber an der Unkenntnis. Aber nur das Wissen bringt Verst\u00e4ndnis.&#8220;<br \/>\n<em>(Quelle: www.homohetero.at\/info\/homo-hetero-trans-was\/de\/)<\/em><\/p>\n<p>Im gesch\u00fctzten Rahmen der SJK habt ihr Gelegenheit \u00fcber all das und noch viel mehr auch au\u00dferhalb \u201cder Szene\u201d zu reden, Erfahrungen auszutauschen und Fragen zu stellen.<\/p>\n<p>Bis bald!<\/p>\n","protected":false},"excerpt":{"rendered":"<p>Unser Angebot an Dich Unser Angebot an\u00a0Sie Die SJK kommt urspr\u00fcnglich aus der Selbsthilfe. Und diesem Anspruch sind wir auch weiterhin gerecht. Unsere Informations- und Gespr\u00e4chsangebote sind grunds\u00e4tzlich f\u00fcr jeden offen. Wir sind da und beraten\u00a0\u2013 egal \u2013 ob Du\u00a0Deine<\/p>\n","protected":false},"author":1,"featured_media":0,"parent":0,"menu_order":0,"comment_status":"closed","ping_status":"closed","template":"","meta":{"footnotes":""},"_links":{"self":[{"href":"https:\/\/www.schwulejugend.de\/sjk\/index.php?rest_route=\/wp\/v2\/pages\/444"}],"collection":[{"href":"https:\/\/www.schwulejugend.de\/sjk\/index.php?rest_route=\/wp\/v2\/pages"}],"about":[{"href":"https:\/\/www.schwulejugend.de\/sjk\/index.php?rest_route=\/wp\/v2\/types\/page"}],"author":[{"embeddable":true,"href":"https:\/\/www.schwulejugend.de\/sjk\/index.php?rest_route=\/wp\/v2\/users\/1"}],"replies":[{"embeddable":true,"href":"https:\/\/www.schwulejugend.de\/sjk\/index.php?rest_route=%2Fwp%2Fv2%2Fcomments&post=444"}],"version-history":[{"count":8,"href":"https:\/\/www.schwulejugend.de\/sjk\/index.php?rest_route=\/wp\/v2\/pages\/444\/revisions"}],"predecessor-version":[{"id":2009,"href":"https:\/\/www.schwulejugend.de\/sjk\/index.php?rest_route=\/wp\/v2\/pages\/444\/revisions\/2009"}],"wp:attachment":[{"href":"https:\/\/www.schwulejugend.de\/sjk\/index.php?rest_route=%2Fwp%2Fv2%2Fmedia&parent=444"}],"curies":[{"name":"wp","href":"https:\/\/api.w.org\/{rel}","templated":true}]}}