{"id":465,"date":"2016-04-14T21:55:58","date_gmt":"2016-04-14T21:55:58","guid":{"rendered":"http:\/\/www.schwulejugend.de\/sjk\/?page_id=465"},"modified":"2025-08-14T22:25:37","modified_gmt":"2025-08-14T22:25:37","slug":"besondere-veranstaltungen","status":"publish","type":"page","link":"https:\/\/www.schwulejugend.de\/sjk\/?page_id=465","title":{"rendered":"Veranstaltungen und Freizeit"},"content":{"rendered":"\n<p>Die SJK bietet&nbsp;in unregelm\u00e4\u00dfigen Abst\u00e4nden&nbsp;eine Reihe weiterer Veranstaltungen und Freizeitaktivit\u00e4ten, die auf unterschiedliche Zielgruppen ausgerichtet sind. Hierzu geh\u00f6ren z.B.:<\/p>\n\n\n\n<ul>\n<li>Freizeitaktivit\u00e4ten au\u00dferhalb des Freitagstreffs, wie schwimmen oder gemeinsame Fahrten nach K\u00f6ln (z.B. CSD)<\/li>\n\n\n\n<li>J\u00e4hrliche Grillfeier und Weihnachtsfeier<\/li>\n\n\n\n<li>Infost\u00e4nde auf Stra\u00dfenfesten, dem CSD-Koblenz und an Hochschulen<\/li>\n\n\n\n<li>Leseabende in Zusammenarbeit mit ausgesuchten Autoren<\/li>\n\n\n\n<li>Vortr\u00e4ge und Schulungen in Zusammenarbeit mit Hochschulen und&nbsp;professionellen Dozenten<\/li>\n\n\n\n<li>Selbstverteidigungskurse<\/li>\n\n\n\n<li>Stammtische im <a href=\"https:\/\/www.instagram.com\/kurioos_bar\/\">Kurioos<\/a><\/li>\n<\/ul>\n\n\n\n<p>Dabei arbeiten wir immer eng mit den anderen Koblenzer Vereinen zusammen.<br>Auch sind wir in der Beratung von jugendlichen t\u00e4tig und im Selbsthilferegister aufgef\u00fchrt.<\/p>\n\n\n\n<p>Informationen zu aktuellen Veranstaltungen findet ihr unter <a href=\"http:\/\/www.schwulejugend.de\/sjk\/?cat=1\">Aktuelles<\/a>.<\/p>\n\n\n\n<figure class=\"wp-block-image size-large is-resized\"><img loading=\"lazy\" decoding=\"async\" width=\"1024\" height=\"768\" src=\"http:\/\/www.schwulejugend.de\/sjk\/wp-content\/uploads\/2019\/08\/IMG_20180818_172718-1024x768.jpg\" alt=\"\" class=\"wp-image-1544\" style=\"width:576px;height:auto\" srcset=\"https:\/\/www.schwulejugend.de\/sjk\/wp-content\/uploads\/2019\/08\/IMG_20180818_172718-1024x768.jpg 1024w, https:\/\/www.schwulejugend.de\/sjk\/wp-content\/uploads\/2019\/08\/IMG_20180818_172718-300x225.jpg 300w, https:\/\/www.schwulejugend.de\/sjk\/wp-content\/uploads\/2019\/08\/IMG_20180818_172718-768x576.jpg 768w\" sizes=\"(max-width: 1024px) 100vw, 1024px\" \/><\/figure>\n\n\n\n<figure class=\"wp-block-image size-large is-resized\"><img loading=\"lazy\" decoding=\"async\" width=\"1024\" height=\"849\" src=\"http:\/\/www.schwulejugend.de\/sjk\/wp-content\/uploads\/2016\/08\/csd16_2-1024x849.jpg\" alt=\"\" class=\"wp-image-687\" style=\"width:576px;height:auto\" srcset=\"https:\/\/www.schwulejugend.de\/sjk\/wp-content\/uploads\/2016\/08\/csd16_2.jpg 1024w, https:\/\/www.schwulejugend.de\/sjk\/wp-content\/uploads\/2016\/08\/csd16_2-300x249.jpg 300w, https:\/\/www.schwulejugend.de\/sjk\/wp-content\/uploads\/2016\/08\/csd16_2-768x637.jpg 768w\" sizes=\"(max-width: 1024px) 100vw, 1024px\" \/><\/figure>\n\n\n\n<figure class=\"wp-block-image size-large is-resized\"><img loading=\"lazy\" decoding=\"async\" width=\"1024\" height=\"683\" src=\"http:\/\/www.schwulejugend.de\/sjk\/wp-content\/uploads\/2025\/08\/DSCF8557-1024x683.jpg\" alt=\"\" class=\"wp-image-2295\" style=\"width:578px;height:auto\" srcset=\"https:\/\/www.schwulejugend.de\/sjk\/wp-content\/uploads\/2025\/08\/DSCF8557-1024x683.jpg 1024w, https:\/\/www.schwulejugend.de\/sjk\/wp-content\/uploads\/2025\/08\/DSCF8557-300x200.jpg 300w, https:\/\/www.schwulejugend.de\/sjk\/wp-content\/uploads\/2025\/08\/DSCF8557-768x512.jpg 768w, https:\/\/www.schwulejugend.de\/sjk\/wp-content\/uploads\/2025\/08\/DSCF8557-1536x1024.jpg 1536w, https:\/\/www.schwulejugend.de\/sjk\/wp-content\/uploads\/2025\/08\/DSCF8557-2048x1365.jpg 2048w\" sizes=\"(max-width: 1024px) 100vw, 1024px\" \/><\/figure>\n\n\n\n<figure class=\"wp-block-image size-large is-resized\"><img loading=\"lazy\" decoding=\"async\" width=\"1024\" height=\"734\" src=\"http:\/\/www.schwulejugend.de\/sjk\/wp-content\/uploads\/2016\/04\/f\u00fcr-website-1024x734.jpg\" alt=\"\" class=\"wp-image-1413\" style=\"width:576px;height:auto\" srcset=\"https:\/\/www.schwulejugend.de\/sjk\/wp-content\/uploads\/2016\/04\/f\u00fcr-website-1024x734.jpg 1024w, https:\/\/www.schwulejugend.de\/sjk\/wp-content\/uploads\/2016\/04\/f\u00fcr-website-300x215.jpg 300w, https:\/\/www.schwulejugend.de\/sjk\/wp-content\/uploads\/2016\/04\/f\u00fcr-website-768x551.jpg 768w\" sizes=\"(max-width: 1024px) 100vw, 1024px\" \/><\/figure>\n\n\n\n<figure class=\"wp-block-image size-large is-resized\"><img loading=\"lazy\" decoding=\"async\" width=\"1024\" height=\"655\" src=\"https:\/\/www.schwulejugend.de\/sjk\/wp-content\/uploads\/2025\/08\/lesung1-1024x655.jpg\" alt=\"\" class=\"wp-image-2303\" style=\"width:575px;height:auto\" srcset=\"https:\/\/www.schwulejugend.de\/sjk\/wp-content\/uploads\/2025\/08\/lesung1-1024x655.jpg 1024w, https:\/\/www.schwulejugend.de\/sjk\/wp-content\/uploads\/2025\/08\/lesung1-300x192.jpg 300w, https:\/\/www.schwulejugend.de\/sjk\/wp-content\/uploads\/2025\/08\/lesung1-768x492.jpg 768w, https:\/\/www.schwulejugend.de\/sjk\/wp-content\/uploads\/2025\/08\/lesung1-1536x983.jpg 1536w, https:\/\/www.schwulejugend.de\/sjk\/wp-content\/uploads\/2025\/08\/lesung1-2048x1311.jpg 2048w\" sizes=\"(max-width: 1024px) 100vw, 1024px\" \/><\/figure>\n\n\n\n<figure class=\"wp-block-image size-large is-resized\"><img loading=\"lazy\" decoding=\"async\" width=\"1024\" height=\"768\" src=\"http:\/\/www.schwulejugend.de\/sjk\/wp-content\/uploads\/2016\/04\/20981459541682799-1024x768.jpg\" alt=\"\" class=\"wp-image-504\" style=\"width:572px;height:auto\" srcset=\"https:\/\/www.schwulejugend.de\/sjk\/wp-content\/uploads\/2016\/04\/20981459541682799.jpg 1024w, https:\/\/www.schwulejugend.de\/sjk\/wp-content\/uploads\/2016\/04\/20981459541682799-300x225.jpg 300w, https:\/\/www.schwulejugend.de\/sjk\/wp-content\/uploads\/2016\/04\/20981459541682799-768x576.jpg 768w\" sizes=\"(max-width: 1024px) 100vw, 1024px\" \/><\/figure>\n\n\n\n<figure class=\"wp-block-image size-large is-resized\"><img loading=\"lazy\" decoding=\"async\" width=\"1024\" height=\"771\" src=\"http:\/\/www.schwulejugend.de\/sjk\/wp-content\/uploads\/2025\/08\/PXL_20241220_223739623-1024x771.jpg\" alt=\"\" class=\"wp-image-2293\" style=\"width:572px;height:auto\" srcset=\"https:\/\/www.schwulejugend.de\/sjk\/wp-content\/uploads\/2025\/08\/PXL_20241220_223739623-1024x771.jpg 1024w, https:\/\/www.schwulejugend.de\/sjk\/wp-content\/uploads\/2025\/08\/PXL_20241220_223739623-300x226.jpg 300w, https:\/\/www.schwulejugend.de\/sjk\/wp-content\/uploads\/2025\/08\/PXL_20241220_223739623-768x578.jpg 768w, https:\/\/www.schwulejugend.de\/sjk\/wp-content\/uploads\/2025\/08\/PXL_20241220_223739623-1536x1157.jpg 1536w, https:\/\/www.schwulejugend.de\/sjk\/wp-content\/uploads\/2025\/08\/PXL_20241220_223739623-2048x1542.jpg 2048w\" sizes=\"(max-width: 1024px) 100vw, 1024px\" \/><\/figure>\n\n\n\n<figure class=\"wp-block-image size-large is-resized\"><img loading=\"lazy\" decoding=\"async\" width=\"1024\" height=\"576\" src=\"http:\/\/www.schwulejugend.de\/sjk\/wp-content\/uploads\/2016\/04\/20160703_131323-1024x576.jpg\" alt=\"\" class=\"wp-image-621\" style=\"width:570px;height:auto\" srcset=\"https:\/\/www.schwulejugend.de\/sjk\/wp-content\/uploads\/2016\/04\/20160703_131323-1024x576.jpg 1024w, https:\/\/www.schwulejugend.de\/sjk\/wp-content\/uploads\/2016\/04\/20160703_131323-300x169.jpg 300w, https:\/\/www.schwulejugend.de\/sjk\/wp-content\/uploads\/2016\/04\/20160703_131323-768x432.jpg 768w\" sizes=\"(max-width: 1024px) 100vw, 1024px\" \/><\/figure>\n\n\n\n<figure class=\"wp-block-image size-large is-resized\"><img loading=\"lazy\" decoding=\"async\" width=\"1024\" height=\"713\" src=\"http:\/\/www.schwulejugend.de\/sjk\/wp-content\/uploads\/2016\/04\/frohn2016-1024x713.jpg\" alt=\"\" class=\"wp-image-552\" style=\"width:566px;height:auto\" srcset=\"https:\/\/www.schwulejugend.de\/sjk\/wp-content\/uploads\/2016\/04\/frohn2016.jpg 1024w, https:\/\/www.schwulejugend.de\/sjk\/wp-content\/uploads\/2016\/04\/frohn2016-300x209.jpg 300w, https:\/\/www.schwulejugend.de\/sjk\/wp-content\/uploads\/2016\/04\/frohn2016-768x535.jpg 768w\" sizes=\"(max-width: 1024px) 100vw, 1024px\" \/><\/figure>\n\n\n\n<figure class=\"wp-block-image size-large is-resized\"><img loading=\"lazy\" decoding=\"async\" width=\"1024\" height=\"771\" src=\"https:\/\/www.schwulejugend.de\/sjk\/wp-content\/uploads\/2025\/08\/PXL_20250723_162631023-1024x771.jpg\" alt=\"\" class=\"wp-image-2297\" style=\"width:566px;height:auto\" srcset=\"https:\/\/www.schwulejugend.de\/sjk\/wp-content\/uploads\/2025\/08\/PXL_20250723_162631023-1024x771.jpg 1024w, https:\/\/www.schwulejugend.de\/sjk\/wp-content\/uploads\/2025\/08\/PXL_20250723_162631023-300x226.jpg 300w, https:\/\/www.schwulejugend.de\/sjk\/wp-content\/uploads\/2025\/08\/PXL_20250723_162631023-768x578.jpg 768w, https:\/\/www.schwulejugend.de\/sjk\/wp-content\/uploads\/2025\/08\/PXL_20250723_162631023-1536x1157.jpg 1536w, https:\/\/www.schwulejugend.de\/sjk\/wp-content\/uploads\/2025\/08\/PXL_20250723_162631023-2048x1542.jpg 2048w\" sizes=\"(max-width: 1024px) 100vw, 1024px\" \/><\/figure>\n","protected":false},"excerpt":{"rendered":"<p>Die SJK bietet&nbsp;in unregelm\u00e4\u00dfigen Abst\u00e4nden&nbsp;eine Reihe weiterer Veranstaltungen und Freizeitaktivit\u00e4ten, die auf unterschiedliche Zielgruppen ausgerichtet sind. Hierzu geh\u00f6ren z.B.: Dabei arbeiten wir immer eng mit den anderen Koblenzer Vereinen zusammen.Auch sind wir in der Beratung von jugendlichen t\u00e4tig und im<\/p>\n","protected":false},"author":1,"featured_media":0,"parent":0,"menu_order":0,"comment_status":"closed","ping_status":"closed","template":"","meta":{"footnotes":""},"_links":{"self":[{"href":"https:\/\/www.schwulejugend.de\/sjk\/index.php?rest_route=\/wp\/v2\/pages\/465"}],"collection":[{"href":"https:\/\/www.schwulejugend.de\/sjk\/index.php?rest_route=\/wp\/v2\/pages"}],"about":[{"href":"https:\/\/www.schwulejugend.de\/sjk\/index.php?rest_route=\/wp\/v2\/types\/page"}],"author":[{"embeddable":true,"href":"https:\/\/www.schwulejugend.de\/sjk\/index.php?rest_route=\/wp\/v2\/users\/1"}],"replies":[{"embeddable":true,"href":"https:\/\/www.schwulejugend.de\/sjk\/index.php?rest_route=%2Fwp%2Fv2%2Fcomments&post=465"}],"version-history":[{"count":29,"href":"https:\/\/www.schwulejugend.de\/sjk\/index.php?rest_route=\/wp\/v2\/pages\/465\/revisions"}],"predecessor-version":[{"id":2304,"href":"https:\/\/www.schwulejugend.de\/sjk\/index.php?rest_route=\/wp\/v2\/pages\/465\/revisions\/2304"}],"wp:attachment":[{"href":"https:\/\/www.schwulejugend.de\/sjk\/index.php?rest_route=%2Fwp%2Fv2%2Fmedia&parent=465"}],"curies":[{"name":"wp","href":"https:\/\/api.w.org\/{rel}","templated":true}]}}