{"id":640,"date":"2016-08-14T20:20:57","date_gmt":"2016-08-14T20:20:57","guid":{"rendered":"http:\/\/www.schwulejugend.de\/sjk\/?page_id=640"},"modified":"2025-08-14T22:27:08","modified_gmt":"2025-08-14T22:27:08","slug":"links","status":"publish","type":"page","link":"https:\/\/www.schwulejugend.de\/sjk\/?page_id=640","title":{"rendered":"Links"},"content":{"rendered":"\n<p>Hier&nbsp;findest du einige ausgesuchte Links zum Thema Schwul\/ Lesbisch\/ Queer (LSBTI*) in Koblenz und im n\u00f6rdlichen Rheinland-Pfalz:<\/p>\n\n\n\n<h1 class=\"wp-block-heading\"><strong>Koblenz<\/strong><\/h1>\n\n\n\n<h2 class=\"wp-block-heading\"><strong>Vereine und Gruppe<\/strong>n<\/h2>\n\n\n\n<figure class=\"wp-block-image size-full is-resized\"><a href=\"http:\/\/www.schwulejugend.de\/sjk\/wp-content\/uploads\/2016\/08\/queer-mittelrhein_Logo2015-300x214.jpg\"><img loading=\"lazy\" decoding=\"async\" width=\"300\" height=\"214\" src=\"http:\/\/www.schwulejugend.de\/sjk\/wp-content\/uploads\/2016\/08\/queer-mittelrhein_Logo2015-300x214.jpg\" alt=\"\" class=\"wp-image-647\" style=\"width:207px;height:auto\"\/><\/a><\/figure>\n\n\n\n<p><em>queer \u2013 mittelrhein gem. e.V.<\/em><br>Der Ort f\u00fcr alle intergeschlechtlichen und transgeschlechtlichen Menschen&nbsp;und deren Angeh\u00f6rige und Freunde.<br><a href=\"http:\/\/queer-mittelrhein.de\/\">Homepage<\/a><\/p>\n\n\n\n<hr class=\"wp-block-separator has-alpha-channel-opacity\"\/>\n\n\n\n<figure class=\"wp-block-image size-full is-resized\"><a href=\"http:\/\/www.schwulejugend.de\/sjk\/wp-content\/uploads\/2016\/08\/NarrenbunT-klein_Logo-300x267.jpg\"><img loading=\"lazy\" decoding=\"async\" width=\"300\" height=\"267\" src=\"http:\/\/www.schwulejugend.de\/sjk\/wp-content\/uploads\/2016\/08\/NarrenbunT-klein_Logo-300x267.jpg\" alt=\"\" class=\"wp-image-646\" style=\"width:196px;height:auto\"\/><\/a><\/figure>\n\n\n\n<p><em>Koblenzer NarrenbunT 2007 e.V.<\/em><br>Der Karnevalsverein f\u00fcr Schwule, Lesben und deren Freunde.<br>Erlebt Karneval beim Koblenzer NarrenbunT einmal ganz &#8222;andersrum&#8220;. Traditionen neu entdeckt und bunt und schrill verpackt.<br><a href=\"http:\/\/www.narrenbunt.de\/\">Homepage<\/a><\/p>\n\n\n\n<hr class=\"wp-block-separator has-alpha-channel-opacity\"\/>\n\n\n\n<figure class=\"wp-block-image size-large is-resized\"><a href=\"http:\/\/www.schwulejugend.de\/sjk\/wp-content\/uploads\/2025\/08\/1000097351.png\"><img loading=\"lazy\" decoding=\"async\" width=\"1024\" height=\"488\" src=\"http:\/\/www.schwulejugend.de\/sjk\/wp-content\/uploads\/2025\/08\/1000097351-1024x488.png\" alt=\"\" class=\"wp-image-2272\" style=\"width:266px;height:auto\" srcset=\"https:\/\/www.schwulejugend.de\/sjk\/wp-content\/uploads\/2025\/08\/1000097351-1024x488.png 1024w, https:\/\/www.schwulejugend.de\/sjk\/wp-content\/uploads\/2025\/08\/1000097351-300x143.png 300w, https:\/\/www.schwulejugend.de\/sjk\/wp-content\/uploads\/2025\/08\/1000097351-768x366.png 768w, https:\/\/www.schwulejugend.de\/sjk\/wp-content\/uploads\/2025\/08\/1000097351.png 1080w\" sizes=\"(max-width: 1024px) 100vw, 1024px\" \/><\/a><\/figure>\n\n\n\n<p><i>CSD-Koblenz<br><\/i>Alle Infos des Veranstalters zum CSD Koblenz<br><a href=\"https:\/\/pride-koblenz.de\/\">https:\/\/pride-koblenz.de\/<\/a><\/p>\n\n\n\n<hr class=\"wp-block-separator has-alpha-channel-opacity\"\/>\n\n\n\n<figure class=\"wp-block-image size-full is-resized\"><a href=\"http:\/\/www.schwulejugend.de\/sjk\/wp-content\/uploads\/2025\/02\/sltk-logo.jpg\"><img loading=\"lazy\" decoding=\"async\" width=\"752\" height=\"528\" src=\"http:\/\/www.schwulejugend.de\/sjk\/wp-content\/uploads\/2025\/02\/sltk-logo.jpg\" alt=\"\" class=\"wp-image-2163\" style=\"width:221px;height:auto\" srcset=\"https:\/\/www.schwulejugend.de\/sjk\/wp-content\/uploads\/2025\/02\/sltk-logo.jpg 752w, https:\/\/www.schwulejugend.de\/sjk\/wp-content\/uploads\/2025\/02\/sltk-logo-300x211.jpg 300w\" sizes=\"(max-width: 752px) 100vw, 752px\" \/><\/a><\/figure>\n\n\n\n<p><em>Schwul-Lesbische Treffen Koblenz<\/em><br>F\u00fcr alle, die der SJK entwachsen sind.<br><a href=\"https:\/\/www.facebook.com\/groups\/554680226810594\">Nicht \u00f6ffentliche Facebook Gruppe<\/a><\/p>\n\n\n\n<hr class=\"wp-block-separator has-alpha-channel-opacity\"\/>\n\n\n\n<h2 class=\"wp-block-heading\"><strong>Beratung + Aufkl\u00e4rung<\/strong><\/h2>\n\n\n\n<figure class=\"wp-block-image size-full is-resized\"><a href=\"http:\/\/www.schwulejugend.de\/sjk\/wp-content\/uploads\/2016\/08\/RATundTAT_Logo-300x104.jpg\"><img loading=\"lazy\" decoding=\"async\" width=\"300\" height=\"104\" src=\"http:\/\/www.schwulejugend.de\/sjk\/wp-content\/uploads\/2016\/08\/RATundTAT_Logo-300x104.jpg\" alt=\"\" class=\"wp-image-648\" style=\"width:258px;height:auto\"\/><\/a><\/figure>\n\n\n\n<p>Die Aids-Hilfe in Koblenz hei\u00dft nun &#8222;Rat &amp; Tat&#8220;<br><a href=\"https:\/\/www.aidshilfe-rlp.de\/koblenz\/\">Homepage<\/a><\/p>\n\n\n\n<hr class=\"wp-block-separator has-alpha-channel-opacity\"\/>\n\n\n\n<figure class=\"wp-block-image size-full is-resized\"><a href=\"http:\/\/www.schwulejugend.de\/sjk\/wp-content\/uploads\/2016\/08\/SCHLAU_LOGO_RLP-286x126.png\"><img loading=\"lazy\" decoding=\"async\" width=\"286\" height=\"126\" src=\"http:\/\/www.schwulejugend.de\/sjk\/wp-content\/uploads\/2016\/08\/SCHLAU_LOGO_RLP-286x126.png\" alt=\"\" class=\"wp-image-660\" style=\"width:202px;height:auto\"\/><\/a><\/figure>\n\n\n\n<p>SchLAu steht f\u00fcr Schwul Lesbisch Bi Trans* Aufkl\u00e4rung. Die ehrenamtlichen SchLAu-Teams besuchen Schulen und andere Bildungseinrichtungen, um in der direkten Begegnung mit Jugendlichen und jungen Erwachsenen Vorurteile und Klischees abzubauen.<br><a href=\"https:\/\/koblenz.schlau-rlp.de\/\">Homepage<\/a><\/p>\n\n\n\n<hr class=\"wp-block-separator has-alpha-channel-opacity\"\/>\n\n\n\n<h2 class=\"wp-block-heading\"><strong>Lokale + Kneipen<\/strong><\/h2>\n\n\n\n<figure class=\"wp-block-image size-full is-resized\"><a href=\"http:\/\/www.schwulejugend.de\/sjk\/wp-content\/uploads\/2016\/08\/Kurioos_Logo-300x125.png\"><img loading=\"lazy\" decoding=\"async\" width=\"300\" height=\"125\" src=\"http:\/\/www.schwulejugend.de\/sjk\/wp-content\/uploads\/2016\/08\/Kurioos_Logo-300x125.png\" alt=\"\" class=\"wp-image-645\" style=\"width:260px;height:auto\"\/><\/a><\/figure>\n\n\n\n<p>Derzeit das Einzige Lokal in Koblenz mit vorrangig LSBTI*-Publikum. Regelm\u00e4\u00dfiger Stammtisch der SJK im Kurioos.<br><a href=\"https:\/\/www.facebook.com\/KurioosBar\">Facebook<\/a><br><a href=\"https:\/\/www.instagram.com\/kurioos_bar\/?hl=de\">Instagram<\/a><\/p>\n\n\n\n<hr class=\"wp-block-separator has-alpha-channel-opacity\"\/>\n\n\n\n<figure class=\"wp-block-image size-full is-resized\"><a href=\"http:\/\/www.schwulejugend.de\/sjk\/wp-content\/uploads\/2016\/08\/Gayphoria.png\"><img loading=\"lazy\" decoding=\"async\" width=\"700\" height=\"494\" src=\"http:\/\/www.schwulejugend.de\/sjk\/wp-content\/uploads\/2016\/08\/Gayphoria.png\" alt=\"\" class=\"wp-image-1211\" style=\"width:211px;height:auto\" srcset=\"https:\/\/www.schwulejugend.de\/sjk\/wp-content\/uploads\/2016\/08\/Gayphoria.png 700w, https:\/\/www.schwulejugend.de\/sjk\/wp-content\/uploads\/2016\/08\/Gayphoria-300x212.png 300w\" sizes=\"(max-width: 700px) 100vw, 700px\" \/><\/a><\/figure>\n\n\n\n<p>Gayphoria: Partys f\u00fcr LSBTI* an ausgew\u00e4hlten Tagen im Club &#8222;Nachtwache&#8220; ex. Vogue.<a href=\"https:\/\/www.facebook.com\/gayphoria\/\"><br>Facebook<\/a><br><a href=\"https:\/\/www.instagram.com\/gayphoriaevents\/?hl=de\">Instagram<\/a><\/p>\n\n\n\n<hr class=\"wp-block-separator has-alpha-channel-opacity\"\/>\n\n\n\n<h2 class=\"wp-block-heading\"><strong>Bildung<\/strong><\/h2>\n\n\n\n<figure class=\"wp-block-image size-full\"><a href=\"http:\/\/www.schwulejugend.de\/sjk\/wp-content\/uploads\/2016\/08\/AStA-Uni_Logo.jpg\"><img loading=\"lazy\" decoding=\"async\" width=\"150\" height=\"141\" src=\"http:\/\/www.schwulejugend.de\/sjk\/wp-content\/uploads\/2016\/08\/AStA-Uni_Logo.jpg\" alt=\"\" class=\"wp-image-643\"\/><\/a><\/figure>\n\n\n\n<p>Der Asta der Uni Koblenz<br><a href=\"https:\/\/www.uni-koblenz.de\/de\/ssv\/asta\">Homepage<\/a><\/p>\n\n\n\n<hr class=\"wp-block-separator has-alpha-channel-opacity\"\/>\n\n\n\n<figure class=\"wp-block-image size-full is-resized\"><a href=\"http:\/\/www.schwulejugend.de\/sjk\/wp-content\/uploads\/2016\/08\/AStA-HS_Logo-neu-295x300.jpg\"><img loading=\"lazy\" decoding=\"async\" width=\"295\" height=\"300\" src=\"http:\/\/www.schwulejugend.de\/sjk\/wp-content\/uploads\/2016\/08\/AStA-HS_Logo-neu-295x300.jpg\" alt=\"\" class=\"wp-image-642\" style=\"width:152px;height:auto\"\/><\/a><\/figure>\n\n\n\n<p>Der Asta der HS Koblenz<br><a href=\"https:\/\/www.asta-koblenz.com\/\">Homepage<\/a><\/p>\n\n\n\n<h2 class=\"wp-block-heading\">&nbsp;<strong>\u00dcberregional<\/strong><\/h2>\n\n\n\n<figure class=\"wp-block-image size-full is-resized\"><a href=\"http:\/\/www.schwulejugend.de\/sjk\/wp-content\/uploads\/2016\/08\/logo-qn.png\"><img loading=\"lazy\" decoding=\"async\" width=\"528\" height=\"80\" src=\"http:\/\/www.schwulejugend.de\/sjk\/wp-content\/uploads\/2016\/08\/logo-qn.png\" alt=\"\" class=\"wp-image-664\" style=\"width:339px;height:auto\" srcset=\"https:\/\/www.schwulejugend.de\/sjk\/wp-content\/uploads\/2016\/08\/logo-qn.png 528w, https:\/\/www.schwulejugend.de\/sjk\/wp-content\/uploads\/2016\/08\/logo-qn-300x45.png 300w\" sizes=\"(max-width: 528px) 100vw, 528px\" \/><\/a><\/figure>\n\n\n\n<p>QueerNet Rheinland-Pfalz e.V. ist das Netzwerk von queeren Vereinen und Initiativen in Rheinland-Pfalz. Das Netzwerk verbindet Organisationen in Mainz, Trier, Koblenz und der Pfalz, um sich zu koordinieren und gemeinsam Projekte durchzuf\u00fchren. Lesben, Schwule, Bisexuelle, Transidente sowie intergeschlechtliche und nicht-bin\u00e4re Menschen in Rheinland-Pfalz finden im Netzwerk Ansprechpersonen f\u00fcr ihre Belange. Wir informieren zu Veranstaltungen, Beratung oder politischen Aktivit\u00e4ten und sind Ansprechpartner der Landesregierung f\u00fcr die Interessen von queeren Menschen in Rheinland-Pfalz.<br><a href=\"http:\/\/www.queernet-rlp.de\/\">Homepage<\/a><br><a href=\"https:\/\/www.facebook.com\/QueerNet-Rheinland-Pfalz-eV-498875746890363\/\">Facebook<\/a><\/p>\n\n\n\n<hr class=\"wp-block-separator has-alpha-channel-opacity\"\/>\n\n\n\n<figure class=\"wp-block-image size-full is-resized\"><a href=\"http:\/\/www.schwulejugend.de\/sjk\/wp-content\/uploads\/2016\/08\/SCHLAU_LOGO_RLP-286x126.png\"><img loading=\"lazy\" decoding=\"async\" width=\"286\" height=\"126\" src=\"http:\/\/www.schwulejugend.de\/sjk\/wp-content\/uploads\/2016\/08\/SCHLAU_LOGO_RLP-286x126.png\" alt=\"\" class=\"wp-image-660\" style=\"width:202px;height:auto\"\/><\/a><\/figure>\n\n\n\n<p>SchLAu steht f\u00fcr Schwul Lesbisch Bi Trans* Aufkl\u00e4rung. Die ehrenamtlichen SchLAu-Teams besuchen Schulen und andere Bildungseinrichtungen, um in der direkten Begegnung mit Jugendlichen und jungen Erwachsenen Vorurteile und Klischees abzubauen.<br><a href=\"http:\/\/schlau-rlp.de\/\">Homepage<\/a><\/p>\n","protected":false},"excerpt":{"rendered":"<p>Hier&nbsp;findest du einige ausgesuchte Links zum Thema Schwul\/ Lesbisch\/ Queer (LSBTI*) in Koblenz und im n\u00f6rdlichen Rheinland-Pfalz: Koblenz Vereine und Gruppen queer \u2013 mittelrhein gem. e.V.Der Ort f\u00fcr alle intergeschlechtlichen und transgeschlechtlichen Menschen&nbsp;und deren Angeh\u00f6rige und Freunde.Homepage Koblenzer NarrenbunT 2007<\/p>\n","protected":false},"author":1,"featured_media":0,"parent":0,"menu_order":0,"comment_status":"closed","ping_status":"closed","template":"","meta":{"footnotes":""},"_links":{"self":[{"href":"https:\/\/www.schwulejugend.de\/sjk\/index.php?rest_route=\/wp\/v2\/pages\/640"}],"collection":[{"href":"https:\/\/www.schwulejugend.de\/sjk\/index.php?rest_route=\/wp\/v2\/pages"}],"about":[{"href":"https:\/\/www.schwulejugend.de\/sjk\/index.php?rest_route=\/wp\/v2\/types\/page"}],"author":[{"embeddable":true,"href":"https:\/\/www.schwulejugend.de\/sjk\/index.php?rest_route=\/wp\/v2\/users\/1"}],"replies":[{"embeddable":true,"href":"https:\/\/www.schwulejugend.de\/sjk\/index.php?rest_route=%2Fwp%2Fv2%2Fcomments&post=640"}],"version-history":[{"count":48,"href":"https:\/\/www.schwulejugend.de\/sjk\/index.php?rest_route=\/wp\/v2\/pages\/640\/revisions"}],"predecessor-version":[{"id":2305,"href":"https:\/\/www.schwulejugend.de\/sjk\/index.php?rest_route=\/wp\/v2\/pages\/640\/revisions\/2305"}],"wp:attachment":[{"href":"https:\/\/www.schwulejugend.de\/sjk\/index.php?rest_route=%2Fwp%2Fv2%2Fmedia&parent=640"}],"curies":[{"name":"wp","href":"https:\/\/api.w.org\/{rel}","templated":true}]}}