{"id":933,"date":"2017-03-22T22:03:03","date_gmt":"2017-03-22T22:03:03","guid":{"rendered":"http:\/\/www.schwulejugend.de\/sjk\/?page_id=933"},"modified":"2018-02-22T17:19:00","modified_gmt":"2018-02-22T17:19:00","slug":"mitgliedschaft","status":"publish","type":"page","link":"https:\/\/www.schwulejugend.de\/sjk\/?page_id=933","title":{"rendered":"Mitgliedschaft"},"content":{"rendered":"<p><img loading=\"lazy\" decoding=\"async\" class=\"alignnone size-medium wp-image-746\" src=\"http:\/\/www.schwulejugend.de\/sjk\/wp-content\/uploads\/2016\/10\/umarmung_1024-1-300x190.jpg\" alt=\"\" width=\"300\" height=\"190\" srcset=\"https:\/\/www.schwulejugend.de\/sjk\/wp-content\/uploads\/2016\/10\/umarmung_1024-1-300x190.jpg 300w, https:\/\/www.schwulejugend.de\/sjk\/wp-content\/uploads\/2016\/10\/umarmung_1024-1-768x487.jpg 768w, https:\/\/www.schwulejugend.de\/sjk\/wp-content\/uploads\/2016\/10\/umarmung_1024-1.jpg 1024w\" sizes=\"(max-width: 300px) 100vw, 300px\" \/><\/p>\n<p>Mit einer Mitgliedschaft im Verein &#8222;Schwule Jugendgruppe Koblenz e.V.&#8220; unterst\u00fctzt du unsere Arbeit und du kommst bei ausgesuchten\u00a0Veranstaltungen in den Genuss von Privilegien.<\/p>\n<p><strong>Was kostet die Mitgliedschaft im Verein \u201eSchwule Jugendgruppe Koblenz e.V.\u201c<\/strong><\/p>\n<p>15,00 \u20ac\/ Jahr f\u00fcr Sch\u00fcler, Studenten, Arbeitslose und Azubis.<br \/>\n20,00 \u20ac\/ Jahr f\u00fcr alle Anderen.<\/p>\n<p>Du kannst selbstverst\u00e4ndlich auch Mitglied werden, ohne regelm\u00e4\u00dfig an unseren Treffs und Aktionen teilzunehmen.<\/p>\n<p>Da wir ein Verein f\u00fcr Jugendliche sind, ist eine Vollmitgliedschaft nur bis zur Vollendung des 27. Lebensjahres m\u00f6glich.<\/p>\n<p><strong>Ich bin 27\u00a0Jahre alt oder \u00e4lter, m\u00f6chte den Verein aber gerne Unterst\u00fctzen. Kann ich trotzdem Mitglied werden?<\/strong><\/p>\n<p>Ja. Du kannst unsere Arbeit mit einer F\u00f6rdermitgliedschaft unterst\u00fctzen. Die Kosten unterscheiden sich nicht.<\/p>\n<p><strong>Interessiert an einer Mitgliedschaft?<\/strong><\/p>\n<p>Dann lade dir hier den Antrag auf Mitgliedschaft herunter:<\/p>\n<p><img loading=\"lazy\" decoding=\"async\" class=\"alignnone size-medium wp-image-937\" src=\"http:\/\/www.schwulejugend.de\/sjk\/wp-content\/uploads\/2016\/10\/Antrag-193x300.png\" alt=\"\" width=\"193\" height=\"300\" srcset=\"https:\/\/www.schwulejugend.de\/sjk\/wp-content\/uploads\/2016\/10\/Antrag-193x300.png 193w, https:\/\/www.schwulejugend.de\/sjk\/wp-content\/uploads\/2016\/10\/Antrag.png 592w\" sizes=\"(max-width: 193px) 100vw, 193px\" \/><\/p>\n<p><a href=\"http:\/\/www.schwulejugend.de\/sjk\/wp-content\/uploads\/2018\/02\/Mitgliederwerbung-2018.pdf\">Antrag auf Mitgliedschaft (PDF)<\/a><\/p>\n<p>Tipp: Solltest du unter 27 sein, aber nicht zum Freitagstreff erscheinen k\u00f6nnen. Empfehlen wir dir den Abschluss einer F\u00f6rdermitgliedschaft. Dies ist auch f\u00fcr Jugendliche prinzipiell m\u00f6glich.<\/p>\n<p>Der Mitgliedsbeitrag gilt immer f\u00fcr das laufende Kalenderjahr.<\/p>\n","protected":false},"excerpt":{"rendered":"<p>Mit einer Mitgliedschaft im Verein &#8222;Schwule Jugendgruppe Koblenz e.V.&#8220; unterst\u00fctzt du unsere Arbeit und du kommst bei ausgesuchten\u00a0Veranstaltungen in den Genuss von Privilegien. Was kostet die Mitgliedschaft im Verein \u201eSchwule Jugendgruppe Koblenz e.V.\u201c 15,00 \u20ac\/ Jahr f\u00fcr Sch\u00fcler, Studenten, Arbeitslose<\/p>\n","protected":false},"author":1,"featured_media":0,"parent":0,"menu_order":0,"comment_status":"closed","ping_status":"closed","template":"","meta":{"footnotes":""},"_links":{"self":[{"href":"https:\/\/www.schwulejugend.de\/sjk\/index.php?rest_route=\/wp\/v2\/pages\/933"}],"collection":[{"href":"https:\/\/www.schwulejugend.de\/sjk\/index.php?rest_route=\/wp\/v2\/pages"}],"about":[{"href":"https:\/\/www.schwulejugend.de\/sjk\/index.php?rest_route=\/wp\/v2\/types\/page"}],"author":[{"embeddable":true,"href":"https:\/\/www.schwulejugend.de\/sjk\/index.php?rest_route=\/wp\/v2\/users\/1"}],"replies":[{"embeddable":true,"href":"https:\/\/www.schwulejugend.de\/sjk\/index.php?rest_route=%2Fwp%2Fv2%2Fcomments&post=933"}],"version-history":[{"count":5,"href":"https:\/\/www.schwulejugend.de\/sjk\/index.php?rest_route=\/wp\/v2\/pages\/933\/revisions"}],"predecessor-version":[{"id":1214,"href":"https:\/\/www.schwulejugend.de\/sjk\/index.php?rest_route=\/wp\/v2\/pages\/933\/revisions\/1214"}],"wp:attachment":[{"href":"https:\/\/www.schwulejugend.de\/sjk\/index.php?rest_route=%2Fwp%2Fv2%2Fmedia&parent=933"}],"curies":[{"name":"wp","href":"https:\/\/api.w.org\/{rel}","templated":true}]}}